{"id":416,"date":"2017-07-05T07:59:12","date_gmt":"2017-07-05T07:59:12","guid":{"rendered":"https:\/\/bcmexport.com\/bipb\/home\/"},"modified":"2023-05-04T21:32:04","modified_gmt":"2023-05-04T21:32:04","slug":"home","status":"publish","type":"page","link":"https:\/\/bipbarbacoas.co\/site\/","title":{"rendered":"Home"},"content":{"rendered":"<p>[vc_row padding_top_multiplier=\u00bb3x\u00bb padding_bottom_multiplier=\u00bb3x\u00bb][vc_column width=\u00bb1\/4&#8243;][\/vc_column][vc_column width=\u00bb1\/2&#8243;]<div class=\"eut-element eut-slogan eut-align-center\" style=\"\"><div class=\"eut-subtitle\">MEMORIAS, RELATOS Y REGISTROS<\/div><h2 class=\"eut-slogan-title eut-align-center eut-h2\"><span>Barbacoas Interacciones Pulsiones<\/span><\/h2><div class=\"eut-btn-wrapper\"><a href=\"https:\/\/bipbarbacoas.co\/site\/barbacoas-interacciones-pulsiones\/\" title=\"Barbacoas Interacciones Pulsiones\" class=\"eut-btn eut-btn-extralarge eut-square eut-bg-black eut-bg-hover-white\"><span>Qui\u00e9nes somos<\/span><\/a><\/div><\/div>[\/vc_column][vc_column width=\u00bb1\/4&#8243;][\/vc_column][\/vc_row][vc_row padding_top_multiplier=\u00bb\u00bb padding_bottom_multiplier=\u00bb\u00bb][vc_column width=\u00bb1\/2&#8243;]<h3 class=\"eut-element eut-title eut-align-inherit eut-h3\" style=\"\"><span><br>\n<p style=\"text-align: center;\"><strong>Equipo de investigadores<\/strong><br>\n<\/span><\/h3><div class=\"eut-element eut-image eut-align-center\" style=\"\">  <div class=\"eut-image-wrapper\"><img loading=\"lazy\" decoding=\"async\" width=\"1920\" height=\"1275\" src=\"https:\/\/bipbarbacoas.co\/site\/wp-content\/uploads\/2023\/03\/BIPBARBACOAS-1.jpg\" class=\"attachment-full size-full\" alt=\"\" srcset=\"https:\/\/bipbarbacoas.co\/site\/wp-content\/uploads\/2023\/03\/BIPBARBACOAS-1.jpg 1920w, https:\/\/bipbarbacoas.co\/site\/wp-content\/uploads\/2023\/03\/BIPBARBACOAS-1-300x199.jpg 300w, https:\/\/bipbarbacoas.co\/site\/wp-content\/uploads\/2023\/03\/BIPBARBACOAS-1-1024x680.jpg 1024w, https:\/\/bipbarbacoas.co\/site\/wp-content\/uploads\/2023\/03\/BIPBARBACOAS-1-768x510.jpg 768w, https:\/\/bipbarbacoas.co\/site\/wp-content\/uploads\/2023\/03\/BIPBARBACOAS-1-1536x1020.jpg 1536w\" sizes=\"auto, (max-width: 1920px) 100vw, 1920px\" \/>  <\/div><\/div><div class=\"eut-empty-space eut-height-1x\" style=\"\"><\/div>[vc_column_text]<\/p>\n<p style=\"text-align: left;\">Consulta las experiencias de los investigadores y las investigadoras que participaron en el proyecto Pr\u00e1cticas de Resistencia y Valores Identitarios, ganador de la convocatoria Investigarte 2.0 de Minciencias, ejecutado entre el 2020 y el 2022.<\/p>\n<p>[\/vc_column_text]<div class=\"eut-empty-space eut-height-1x\" style=\"\"><\/div><div class=\"eut-element eut-align-center\"><a href=\"https:\/\/bipbarbacoas.co\/site\/category\/equipo-de-investigadores\/\" class=\"eut-btn eut-btn-extralarge eut-square eut-bg-black eut-bg-hover-grey\"><span><i class=\"fas fa-arrow-circle-right\"><\/i>Conoce m\u00e1s aqu\u00ed<\/span><\/a><\/div>[\/vc_column][vc_column width=\u00bb1\/2&#8243;]<h3 class=\"eut-element eut-title eut-align-inherit eut-h3\" style=\"\"><span><br>\n<p style=\"text-align: center;\"><strong>Obras y creaciones<\/strong><br>\n<\/span><\/h3><div class=\"eut-element eut-image eut-align-center\" style=\"\">  <div class=\"eut-image-wrapper\"><img loading=\"lazy\" decoding=\"async\" width=\"2560\" height=\"1700\" src=\"https:\/\/bipbarbacoas.co\/site\/wp-content\/uploads\/2016\/11\/barbacoas-bip-scaled.jpg\" class=\"attachment-full size-full\" alt=\"\" srcset=\"https:\/\/bipbarbacoas.co\/site\/wp-content\/uploads\/2016\/11\/barbacoas-bip-scaled.jpg 2560w, https:\/\/bipbarbacoas.co\/site\/wp-content\/uploads\/2016\/11\/barbacoas-bip-300x199.jpg 300w, https:\/\/bipbarbacoas.co\/site\/wp-content\/uploads\/2016\/11\/barbacoas-bip-1024x680.jpg 1024w, https:\/\/bipbarbacoas.co\/site\/wp-content\/uploads\/2016\/11\/barbacoas-bip-768x510.jpg 768w, https:\/\/bipbarbacoas.co\/site\/wp-content\/uploads\/2016\/11\/barbacoas-bip-1536x1020.jpg 1536w, https:\/\/bipbarbacoas.co\/site\/wp-content\/uploads\/2016\/11\/barbacoas-bip-1920x1275.jpg 1920w\" sizes=\"auto, (max-width: 2560px) 100vw, 2560px\" \/>  <\/div><\/div><div class=\"eut-empty-space eut-height-1x\" style=\"\"><\/div>[vc_column_text]<\/p>\n<p style=\"text-align: left;\">Conoce los productos art\u00edsticos que hicieron parte del proceso de cocreaci\u00f3n del proyecto. En estas obras participaron artistas, artesanos, creativos, residentes y visitantes del sector de Barbacoas. Una serie de ejercicios creativos, transformadores e impactantes.<\/p>\n<p>[\/vc_column_text]<div class=\"eut-empty-space eut-height-1x\" style=\"\"><\/div><div class=\"eut-element eut-align-center\"><a href=\"https:\/\/bipbarbacoas.co\/site\/category\/obrascreaciones\/\" class=\"eut-btn eut-btn-extralarge eut-square eut-bg-black eut-bg-hover-grey\"><span><i class=\"fas fa-arrow-circle-right\"><\/i>Conoce m\u00e1s aqu\u00ed<\/span><\/a><\/div>[\/vc_column][\/vc_row][vc_row padding_top_multiplier=\u00bb\u00bb padding_bottom_multiplier=\u00bb\u00bb][vc_column width=\u00bb1\/2&#8243;]<h3 class=\"eut-element eut-title eut-align-inherit eut-h3\" style=\"\"><span><br>\n<p style=\"text-align: center;\"><strong>Comunidad Barbacoas<\/strong><br>\n<\/span><\/h3><div class=\"eut-element eut-image eut-align-center\" style=\"\">  <div class=\"eut-image-wrapper\"><img loading=\"lazy\" decoding=\"async\" width=\"1024\" height=\"575\" src=\"https:\/\/bipbarbacoas.co\/site\/wp-content\/uploads\/2022\/12\/el-gallero.jpg\" class=\"attachment-full size-full\" alt=\"\" srcset=\"https:\/\/bipbarbacoas.co\/site\/wp-content\/uploads\/2022\/12\/el-gallero.jpg 1024w, https:\/\/bipbarbacoas.co\/site\/wp-content\/uploads\/2022\/12\/el-gallero-300x168.jpg 300w, https:\/\/bipbarbacoas.co\/site\/wp-content\/uploads\/2022\/12\/el-gallero-768x431.jpg 768w\" sizes=\"auto, (max-width: 1024px) 100vw, 1024px\" \/>  <\/div><\/div><div class=\"eut-empty-space eut-height-1x\" style=\"\"><\/div>[vc_column_text]Historias de vida, universos que se conectan, espacios que son un relato perpetuo. Conoce parte de la vida de los actores m\u00e1s importantes de este proyecto, los perfiles de Jorge Restrepo, \u00abEl Gallero\u00bb; Santiago Larada, un joven de la comunidad; y la historia de Galer\u00eda Divas, un referente cultural.[\/vc_column_text]<div class=\"eut-empty-space eut-height-1x\" style=\"\"><\/div><div class=\"eut-element eut-align-center\"><a href=\"https:\/\/bipbarbacoas.co\/site\/category\/comunidad-barbacoas\/\" class=\"eut-btn eut-btn-extralarge eut-square eut-bg-black eut-bg-hover-grey\"><span><i class=\"fas fa-arrow-circle-right\"><\/i>Conoce m\u00e1s aqu\u00ed<\/span><\/a><\/div>[\/vc_column][vc_column width=\u00bb1\/2&#8243;]<h3 class=\"eut-element eut-title eut-align-inherit eut-h3\" style=\"\"><span><br>\n<p style=\"text-align: center;\"><strong>Vida en Barbacoas<\/strong><br>\n<\/span><\/h3><div class=\"eut-element eut-image eut-align-center\" style=\"\">  <div class=\"eut-image-wrapper\"><img loading=\"lazy\" decoding=\"async\" width=\"1024\" height=\"575\" src=\"https:\/\/bipbarbacoas.co\/site\/wp-content\/uploads\/2023\/03\/vemta-ambulante.jpg\" class=\"attachment-full size-full\" alt=\"\" srcset=\"https:\/\/bipbarbacoas.co\/site\/wp-content\/uploads\/2023\/03\/vemta-ambulante.jpg 1024w, https:\/\/bipbarbacoas.co\/site\/wp-content\/uploads\/2023\/03\/vemta-ambulante-300x168.jpg 300w, https:\/\/bipbarbacoas.co\/site\/wp-content\/uploads\/2023\/03\/vemta-ambulante-768x431.jpg 768w\" sizes=\"auto, (max-width: 1024px) 100vw, 1024px\" \/>  <\/div><\/div><div class=\"eut-empty-space eut-height-1x\" style=\"\"><\/div>[vc_column_text]Aqu\u00ed est\u00e1n las historias de resistencia, de fortaleza y de identidad, a toda costa. La vida que se vuelve lucha cotidiana en la calle, las nuevas formas de familia en la comunidad transg\u00e9nero y la nueva generaci\u00f3n de un barrio que se resiste a la exclusi\u00f3n.[\/vc_column_text]<div class=\"eut-empty-space eut-height-1x\" style=\"\"><\/div><div class=\"eut-element eut-align-center\"><a href=\"https:\/\/bipbarbacoas.co\/site\/category\/vida-en-barbacoas\/\" class=\"eut-btn eut-btn-extralarge eut-square eut-bg-black eut-bg-hover-grey\"><span><i class=\"fas fa-arrow-circle-right\"><\/i>Conoce m\u00e1s aqu\u00ed<\/span><\/a><\/div>[\/vc_column][\/vc_row][vc_row padding_top_multiplier=\u00bb\u00bb padding_bottom_multiplier=\u00bb\u00bb][vc_column]<div class=\"eut-empty-space eut-height-3x\" style=\"\"><\/div><div class=\"eut-element eut-divider\" style=\"\"><div class=\"eut-line-divider eut-border\"><\/div><\/div>[\/vc_column][\/vc_row][vc_row padding_top_multiplier=\u00bb3x\u00bb padding_bottom_multiplier=\u00bb3x\u00bb rc_heading_color=\u00bblight\u00bb rc_bg_type=\u00bbcolor\u00bb rc_bg_color=\u00bb#000000&#8243; rc_font_color=\u00bb#ffffff\u00bb][vc_column]<div class=\"eut-element eut-slogan eut-align-center\" style=\"\"><div class=\"eut-subtitle\">CONTENIDOS INTERACTIVOS<\/div><h2 class=\"eut-slogan-title eut-align-center eut-h2\"><span>Experiencias interactivas para la comunidad<\/span><\/h2>  <p class=\"\">Explora los videos 360 para ver en realidad virtual, las im\u00e1genes interactivas, los paisajes sonoros, los collage y contenidos creados a partir de las manifestaciones art\u00edsticas y los productos investigativos del proyecto en nuestra cuenta de Youtube.<\/p><\/div><div class=\"eut-empty-space eut-height-1x\" style=\"\"><\/div><div class=\"eut-element eut-video\" style=\"\"><iframe loading=\"lazy\" title=\"360 Una Cama, Mil y una Vidas\" width=\"1080\" height=\"608\" src=\"https:\/\/www.youtube.com\/embed\/OpDszoYNcBU?feature=oembed\" frameborder=\"0\" allow=\"accelerometer; autoplay; clipboard-write; encrypted-media; gyroscope; picture-in-picture; web-share\" allowfullscreen><\/iframe><\/div><div class=\"eut-empty-space eut-height-1x\" style=\"\"><\/div><div class=\"eut-element eut-slogan eut-align-center\" style=\"\"><h2 class=\"eut-slogan-title eut-align-center eut-h2\"><span>Una visita virtual a las calles 55A, 56 A y 57 A del centro de Medell\u00edn, en Barbacoas gracias al performance Una Cama, Mil y Una Vidas<\/span><\/h2>  <p class=\"\">Obra del artista Stiven Bohorquez<\/p><div class=\"eut-btn-wrapper\"><a href=\"https:\/\/bipbarbacoas.co\/site\/contenidos-interactivos\/\" title=\"Contenidos Interactivos\" class=\"eut-btn eut-btn-extralarge eut-square eut-bg-white eut-bg-hover-black\"><span><i class=\"far fa-play-circle\"><\/i>Explora todo el contenido aqu\u00ed<\/span><\/a><\/div><\/div>[\/vc_column][\/vc_row][vc_row padding_top_multiplier=\u00bb3x\u00bb padding_bottom_multiplier=\u00bb3x\u00bb rc_bg_type=\u00bbcolor\u00bb rc_bg_color=\u00bb#f6f6f6&#8243;][vc_column]<div class=\"eut-element eut-carousel eut-layout-1 eut-with-gap\" style=\"\">  <div class=\"eut-carousel-wrapper\"><div class=\"eut-carousel-navigation eut-dark eut-navigation-1 eut-navigation-carousel\">\t<div class=\"eut-carousel-buttons\">\t\t<div class=\"eut-carousel-prev\">\t\t\t<i class=\"eut-icon-nav-left-large\"><\/i>\t\t<\/div>\t\t<div class=\"eut-carousel-next\">\t\t\t<i class=\"eut-icon-nav-right-large\"><\/i>\t\t<\/div>\t<\/div><\/div>    <div class=\"eut-carousel-element owl-carousel \" data-items=\"4\" data-items-tablet-landscape=\"3\" data-items-tablet-portrait=\"3\" data-items-mobile=\"1\" data-slider-autoplay=\"yes\" data-slider-speed=\"3000\" data-slider-pause=\"no\" data-pagination-speed=\"400\" data-pagination=\"no\" data-pagination-color=\"dark\" data-slider-loop=\"yes\" data-gutter-size=\"40\"><div class=\"eut-carousel-item eut-hover-item eut-hover-style-none\">  <figure class=\"eut-image-hover\">    <div class=\"eut-hover-overlay eut-bg-light eut-opacity-90\"><\/div><div class=\"eut-media\"><img loading=\"lazy\" decoding=\"async\" width=\"279\" height=\"97\" src=\"https:\/\/bipbarbacoas.co\/site\/wp-content\/uploads\/2023\/03\/02.png\" class=\"attachment-zuperla-eutf-small-square size-zuperla-eutf-small-square\" alt=\"\" \/><\/div>  <\/figure><\/div><div class=\"eut-carousel-item eut-hover-item eut-hover-style-none\">  <figure class=\"eut-image-hover\">    <div class=\"eut-hover-overlay eut-bg-light eut-opacity-90\"><\/div><div class=\"eut-media\"><img loading=\"lazy\" decoding=\"async\" width=\"279\" height=\"97\" src=\"https:\/\/bipbarbacoas.co\/site\/wp-content\/uploads\/2023\/03\/03.png\" class=\"attachment-zuperla-eutf-small-square size-zuperla-eutf-small-square\" alt=\"\" \/><\/div>  <\/figure><\/div><div class=\"eut-carousel-item eut-hover-item eut-hover-style-none\">  <figure class=\"eut-image-hover\">    <div class=\"eut-hover-overlay eut-bg-light eut-opacity-90\"><\/div><div class=\"eut-media\"><img loading=\"lazy\" decoding=\"async\" width=\"279\" height=\"97\" src=\"https:\/\/bipbarbacoas.co\/site\/wp-content\/uploads\/2023\/03\/itaca.png\" class=\"attachment-zuperla-eutf-small-square size-zuperla-eutf-small-square\" alt=\"\" \/><\/div>  <\/figure><\/div><div class=\"eut-carousel-item eut-hover-item eut-hover-style-none\">  <figure class=\"eut-image-hover\">    <div class=\"eut-hover-overlay eut-bg-light eut-opacity-90\"><\/div><div class=\"eut-media\"><img loading=\"lazy\" decoding=\"async\" width=\"279\" height=\"97\" src=\"https:\/\/bipbarbacoas.co\/site\/wp-content\/uploads\/2023\/05\/ciencias.jpg\" class=\"attachment-zuperla-eutf-small-square size-zuperla-eutf-small-square\" alt=\"\" \/><\/div>  <\/figure><\/div><div class=\"eut-carousel-item eut-hover-item eut-hover-style-none\">  <figure class=\"eut-image-hover\">    <div class=\"eut-hover-overlay eut-bg-light eut-opacity-90\"><\/div><div class=\"eut-media\"><img loading=\"lazy\" decoding=\"async\" width=\"279\" height=\"97\" src=\"https:\/\/bipbarbacoas.co\/site\/wp-content\/uploads\/2023\/05\/upb-2.png\" class=\"attachment-zuperla-eutf-small-square size-zuperla-eutf-small-square\" alt=\"\" \/><\/div>  <\/figure><\/div>\t  <\/div>\t<\/div><\/div>[\/vc_column][\/vc_row]<\/p>\n","protected":false},"excerpt":{"rendered":"<p>[vc_row padding_top_multiplier=\u00bb3x\u00bb padding_bottom_multiplier=\u00bb3x\u00bb][vc_column width=\u00bb1\/4&#8243;][\/vc_column][vc_column width=\u00bb1\/2&#8243;][\/vc_column][vc_column width=\u00bb1\/4&#8243;][\/vc_column][\/vc_row][vc_row padding_top_multiplier=\u00bb\u00bb padding_bottom_multiplier=\u00bb\u00bb][vc_column width=\u00bb1\/2&#8243;][vc_column_text] Consulta las experiencias de los investigadores y las investigadoras que participaron en el proyecto Pr\u00e1cticas de Resistencia y Valores Identitarios, ganador de la convocatoria Investigarte 2.0 de Minciencias, ejecutado entre el 2020 y el 2022. [\/vc_column_text][\/vc_column][vc_column width=\u00bb1\/2&#8243;][vc_column_text] Conoce los productos art\u00edsticos que hicieron parte del proceso [&hellip;]<\/p>\n","protected":false},"author":1,"featured_media":0,"parent":0,"menu_order":0,"comment_status":"closed","ping_status":"closed","template":"","meta":{"footnotes":""},"class_list":["post-416","page","type-page","status-publish","hentry"],"_links":{"self":[{"href":"https:\/\/bipbarbacoas.co\/site\/wp-json\/wp\/v2\/pages\/416","targetHints":{"allow":["GET"]}}],"collection":[{"href":"https:\/\/bipbarbacoas.co\/site\/wp-json\/wp\/v2\/pages"}],"about":[{"href":"https:\/\/bipbarbacoas.co\/site\/wp-json\/wp\/v2\/types\/page"}],"author":[{"embeddable":true,"href":"https:\/\/bipbarbacoas.co\/site\/wp-json\/wp\/v2\/users\/1"}],"replies":[{"embeddable":true,"href":"https:\/\/bipbarbacoas.co\/site\/wp-json\/wp\/v2\/comments?post=416"}],"version-history":[{"count":123,"href":"https:\/\/bipbarbacoas.co\/site\/wp-json\/wp\/v2\/pages\/416\/revisions"}],"predecessor-version":[{"id":1266,"href":"https:\/\/bipbarbacoas.co\/site\/wp-json\/wp\/v2\/pages\/416\/revisions\/1266"}],"wp:attachment":[{"href":"https:\/\/bipbarbacoas.co\/site\/wp-json\/wp\/v2\/media?parent=416"}],"curies":[{"name":"wp","href":"https:\/\/api.w.org\/{rel}","templated":true}]}}